{"id":447,"date":"2024-09-27T01:18:14","date_gmt":"2024-09-27T01:18:14","guid":{"rendered":"https:\/\/mediumaquamarine-lapwing-345607.hostingersite.com\/tienda\/?post_type=product&#038;p=447"},"modified":"2024-10-29T17:41:59","modified_gmt":"2024-10-29T17:41:59","slug":"rollo-etiqueta-adhesivo-fragil-500-pzs-102x152mm-garin","status":"publish","type":"product","link":"https:\/\/garinetiquetas.com\/tienda\/product\/rollo-etiqueta-adhesivo-fragil-500-pzs-102x152mm-garin\/","title":{"rendered":"Rollo Etiqueta Adhesivo Fr\u00e1gil 500 Pzs 102x152mm Garin"},"content":{"rendered":"<p>GARIN ETIQUETAS<br \/>\nSomos una empresa mexicana especializada en la fabricaci\u00f3n de etiquetas autoadheribles, blancas e impresas, adem\u00e1s de ribbon cera, resina y cera\/resina. Tambi\u00e9n ofrecemos servicio t\u00e9cnico a impresoras de etiquetas de c\u00f3digo de barras.<\/p>\n<p>***************************************************<\/p>\n<p>ROLLO ETIQUETA ADHESIVO FRAGIL 4X6 500 PIEZAS 102X152MM GARIN<\/p>\n","protected":false},"excerpt":{"rendered":"<p>Nos distinguimos por ofrecer etiquetas adhesivas personalizadas en forma y tama\u00f1o, pues conocemos los requerimientos de las industrias en cuanto a etiquetas blancas se refiere. Conoce las distintas opciones que tenemos para ti.<\/p>\n","protected":false},"featured_media":449,"template":"","meta":{"_joinchat":[]},"product_brand":[],"product_cat":[30],"product_tag":[],"class_list":{"0":"post-447","1":"product","2":"type-product","3":"status-publish","4":"has-post-thumbnail","6":"product_cat-etiquetas","8":"first","9":"instock","10":"sale","11":"shipping-taxable","12":"purchasable","13":"product-type-simple"},"_links":{"self":[{"href":"https:\/\/garinetiquetas.com\/tienda\/wp-json\/wp\/v2\/product\/447","targetHints":{"allow":["GET"]}}],"collection":[{"href":"https:\/\/garinetiquetas.com\/tienda\/wp-json\/wp\/v2\/product"}],"about":[{"href":"https:\/\/garinetiquetas.com\/tienda\/wp-json\/wp\/v2\/types\/product"}],"wp:featuredmedia":[{"embeddable":true,"href":"https:\/\/garinetiquetas.com\/tienda\/wp-json\/wp\/v2\/media\/449"}],"wp:attachment":[{"href":"https:\/\/garinetiquetas.com\/tienda\/wp-json\/wp\/v2\/media?parent=447"}],"wp:term":[{"taxonomy":"product_brand","embeddable":true,"href":"https:\/\/garinetiquetas.com\/tienda\/wp-json\/wp\/v2\/product_brand?post=447"},{"taxonomy":"product_cat","embeddable":true,"href":"https:\/\/garinetiquetas.com\/tienda\/wp-json\/wp\/v2\/product_cat?post=447"},{"taxonomy":"product_tag","embeddable":true,"href":"https:\/\/garinetiquetas.com\/tienda\/wp-json\/wp\/v2\/product_tag?post=447"}],"curies":[{"name":"wp","href":"https:\/\/api.w.org\/{rel}","templated":true}]}}