{"id":550,"date":"2024-10-02T05:49:36","date_gmt":"2024-10-02T05:49:36","guid":{"rendered":"https:\/\/mediumaquamarine-lapwing-345607.hostingersite.com\/tienda\/?post_type=product&#038;p=550"},"modified":"2025-04-18T15:42:15","modified_gmt":"2025-04-18T15:42:15","slug":"rollo-etiqueta-termica-directa-1000pzs-51x25mm-garin","status":"publish","type":"product","link":"https:\/\/garinetiquetas.com\/tienda\/product\/rollo-etiqueta-termica-directa-1000pzs-51x25mm-garin\/","title":{"rendered":"Rollo Etiqueta T\u00e9rmica Directa 1000pzs 51x25mm Garin"},"content":{"rendered":"<p>GARIN ETIQUETAS<br \/>\nSomos una empresa mexicana especializada en la fabricaci\u00f3n de etiquetas autoadheribles, blancas e impresas, adem\u00e1s de ribbon cera, resina y cera\/resina. Tambi\u00e9n ofrecemos servicio t\u00e9cnico a impresoras de etiquetas de c\u00f3digo de barras.<\/p>\n<p>***************************************************<\/p>\n<p>ROLLO ETIQUETA TERMICA DIRECTA 2&#215;1 1000 PIEZAS c\/u 51x25MM GARIN<\/p>\n","protected":false},"excerpt":{"rendered":"<p>Nos distinguimos por ofrecer etiquetas adhesivas personalizadas en forma y tama\u00f1o, pues conocemos los requerimientos de las industrias en cuanto a etiquetas blancas se refiere. Conoce las distintas opciones que tenemos para ti.<\/p>\n","protected":false},"featured_media":786,"template":"","meta":{"_joinchat":[]},"product_brand":[],"product_cat":[30],"product_tag":[],"class_list":{"0":"post-550","1":"product","2":"type-product","3":"status-publish","4":"has-post-thumbnail","6":"product_cat-etiquetas","8":"first","9":"instock","10":"sale","11":"shipping-taxable","12":"purchasable","13":"product-type-simple"},"_links":{"self":[{"href":"https:\/\/garinetiquetas.com\/tienda\/wp-json\/wp\/v2\/product\/550","targetHints":{"allow":["GET"]}}],"collection":[{"href":"https:\/\/garinetiquetas.com\/tienda\/wp-json\/wp\/v2\/product"}],"about":[{"href":"https:\/\/garinetiquetas.com\/tienda\/wp-json\/wp\/v2\/types\/product"}],"wp:featuredmedia":[{"embeddable":true,"href":"https:\/\/garinetiquetas.com\/tienda\/wp-json\/wp\/v2\/media\/786"}],"wp:attachment":[{"href":"https:\/\/garinetiquetas.com\/tienda\/wp-json\/wp\/v2\/media?parent=550"}],"wp:term":[{"taxonomy":"product_brand","embeddable":true,"href":"https:\/\/garinetiquetas.com\/tienda\/wp-json\/wp\/v2\/product_brand?post=550"},{"taxonomy":"product_cat","embeddable":true,"href":"https:\/\/garinetiquetas.com\/tienda\/wp-json\/wp\/v2\/product_cat?post=550"},{"taxonomy":"product_tag","embeddable":true,"href":"https:\/\/garinetiquetas.com\/tienda\/wp-json\/wp\/v2\/product_tag?post=550"}],"curies":[{"name":"wp","href":"https:\/\/api.w.org\/{rel}","templated":true}]}}