{"id":554,"date":"2024-10-02T05:54:17","date_gmt":"2024-10-02T05:54:17","guid":{"rendered":"https:\/\/mediumaquamarine-lapwing-345607.hostingersite.com\/tienda\/?post_type=product&#038;p=554"},"modified":"2024-10-29T16:44:55","modified_gmt":"2024-10-29T16:44:55","slug":"rollo-etiqueta-termica-directa-4x6-300pz-c-u-102x152mm-garin","status":"publish","type":"product","link":"https:\/\/garinetiquetas.com\/tienda\/product\/rollo-etiqueta-termica-directa-4x6-300pz-c-u-102x152mm-garin\/","title":{"rendered":"Rollo Etiqueta T\u00e9rmica Directa 4&#215;6 300pz C\/u 102x152mm Garin"},"content":{"rendered":"<p>GARIN ETIQUETAS<br \/>\nSomos una empresa mexicana especializada en la fabricaci\u00f3n de etiquetas autoadheribles, blancas e impresas, adem\u00e1s de ribbon cera, resina y cera\/resina. Tambi\u00e9n ofrecemos servicio t\u00e9cnico a impresoras de etiquetas de c\u00f3digo de barras.<\/p>\n<p>***************************************************<br \/>\nROLLO ETIQUETA TERMICA DIRECTA 4X6 300 PIEZAS C\/U 102X152MM GARIN<\/p>\n","protected":false},"excerpt":{"rendered":"<p>Nos distinguimos por ofrecer etiquetas adhesivas personalizadas en forma y tama\u00f1o, pues conocemos los requerimientos de las industrias en cuanto a etiquetas blancas se refiere. Conoce las distintas opciones que tenemos para ti.<\/p>\n","protected":false},"featured_media":558,"template":"","meta":{"_joinchat":[]},"product_brand":[],"product_cat":[30],"product_tag":[],"class_list":{"0":"post-554","1":"product","2":"type-product","3":"status-publish","4":"has-post-thumbnail","6":"product_cat-etiquetas","8":"first","9":"instock","10":"sale","11":"shipping-taxable","12":"purchasable","13":"product-type-simple"},"_links":{"self":[{"href":"https:\/\/garinetiquetas.com\/tienda\/wp-json\/wp\/v2\/product\/554","targetHints":{"allow":["GET"]}}],"collection":[{"href":"https:\/\/garinetiquetas.com\/tienda\/wp-json\/wp\/v2\/product"}],"about":[{"href":"https:\/\/garinetiquetas.com\/tienda\/wp-json\/wp\/v2\/types\/product"}],"wp:featuredmedia":[{"embeddable":true,"href":"https:\/\/garinetiquetas.com\/tienda\/wp-json\/wp\/v2\/media\/558"}],"wp:attachment":[{"href":"https:\/\/garinetiquetas.com\/tienda\/wp-json\/wp\/v2\/media?parent=554"}],"wp:term":[{"taxonomy":"product_brand","embeddable":true,"href":"https:\/\/garinetiquetas.com\/tienda\/wp-json\/wp\/v2\/product_brand?post=554"},{"taxonomy":"product_cat","embeddable":true,"href":"https:\/\/garinetiquetas.com\/tienda\/wp-json\/wp\/v2\/product_cat?post=554"},{"taxonomy":"product_tag","embeddable":true,"href":"https:\/\/garinetiquetas.com\/tienda\/wp-json\/wp\/v2\/product_tag?post=554"}],"curies":[{"name":"wp","href":"https:\/\/api.w.org\/{rel}","templated":true}]}}