{"id":618,"date":"2024-10-30T18:25:34","date_gmt":"2024-10-30T18:25:34","guid":{"rendered":"https:\/\/mediumaquamarine-lapwing-345607.hostingersite.com\/tienda\/?post_type=product&#038;p=618"},"modified":"2024-10-30T18:31:42","modified_gmt":"2024-10-30T18:31:42","slug":"ribbon-cera-resina-102mm-x-300mts-outside-garin","status":"publish","type":"product","link":"https:\/\/garinetiquetas.com\/tienda\/product\/ribbon-cera-resina-102mm-x-300mts-outside-garin\/","title":{"rendered":"Ribbon Cera-resina 102mm X 300mts Outside Garin"},"content":{"rendered":"<p>GARIN ETIQUETAS<br \/>\nSomos una empresa mexicana especializada en la fabricaci\u00f3n de etiquetas autoadheribles, blancas e impresas, adem\u00e1s de ribbon cera, resina y cera\/resina. Tambi\u00e9n ofrecemos servicio t\u00e9cnico a impresoras de etiquetas de c\u00f3digo de barras.<\/p>\n<p>***************************************************<\/p>\n<p>RIBBON CERA RESINA 102 MM x 300 MTS OUTSIDE GARIN<\/p>\n","protected":false},"excerpt":{"rendered":"<p>Este tipo de ribbon es el m\u00e1s conocido, cuenta con un acabado brilloso y suele ser el de menor precio. Para su fabricaci\u00f3n se utilizan componentes basados en cera. Suelen ser el tipo de ribbon m\u00e1s populares para las impresoras de transferencia t\u00e9rmica.<\/p>\n","protected":false},"featured_media":622,"template":"","meta":{"_joinchat":[]},"product_brand":[],"product_cat":[31],"product_tag":[],"class_list":{"0":"post-618","1":"product","2":"type-product","3":"status-publish","4":"has-post-thumbnail","6":"product_cat-ribbon","8":"first","9":"instock","10":"sale","11":"shipping-taxable","12":"purchasable","13":"product-type-simple"},"_links":{"self":[{"href":"https:\/\/garinetiquetas.com\/tienda\/wp-json\/wp\/v2\/product\/618","targetHints":{"allow":["GET"]}}],"collection":[{"href":"https:\/\/garinetiquetas.com\/tienda\/wp-json\/wp\/v2\/product"}],"about":[{"href":"https:\/\/garinetiquetas.com\/tienda\/wp-json\/wp\/v2\/types\/product"}],"wp:featuredmedia":[{"embeddable":true,"href":"https:\/\/garinetiquetas.com\/tienda\/wp-json\/wp\/v2\/media\/622"}],"wp:attachment":[{"href":"https:\/\/garinetiquetas.com\/tienda\/wp-json\/wp\/v2\/media?parent=618"}],"wp:term":[{"taxonomy":"product_brand","embeddable":true,"href":"https:\/\/garinetiquetas.com\/tienda\/wp-json\/wp\/v2\/product_brand?post=618"},{"taxonomy":"product_cat","embeddable":true,"href":"https:\/\/garinetiquetas.com\/tienda\/wp-json\/wp\/v2\/product_cat?post=618"},{"taxonomy":"product_tag","embeddable":true,"href":"https:\/\/garinetiquetas.com\/tienda\/wp-json\/wp\/v2\/product_tag?post=618"}],"curies":[{"name":"wp","href":"https:\/\/api.w.org\/{rel}","templated":true}]}}