{"id":656,"date":"2024-10-30T19:19:44","date_gmt":"2024-10-30T19:19:44","guid":{"rendered":"https:\/\/mediumaquamarine-lapwing-345607.hostingersite.com\/tienda\/?post_type=product&#038;p=656"},"modified":"2024-11-12T04:23:08","modified_gmt":"2024-11-12T04:23:08","slug":"pack-x-6-ribbon-resina-110mm-x-300mts-outside-garin","status":"publish","type":"product","link":"https:\/\/garinetiquetas.com\/tienda\/product\/pack-x-6-ribbon-resina-110mm-x-300mts-outside-garin\/","title":{"rendered":"Pack X 6 Ribbon Resina 110mm x 300mts Outside Garin"},"content":{"rendered":"<p>GARIN ETIQUETAS<br \/>\nSomos una empresa mexicana especializada en la fabricaci\u00f3n de etiquetas autoadheribles, blancas e impresas, adem\u00e1s de ribbon cera, resina y cera\/resina. Tambi\u00e9n ofrecemos servicio t\u00e9cnico a impresoras de etiquetas de c\u00f3digo de barras.<\/p>\n<p>***************************************************<\/p>\n<p>PACK 6 RIBBON RESINA 110MM X 300MTS OUTSIDE GARIN<\/p>\n","protected":false},"excerpt":{"rendered":"<p>Este tipo de ribbon es el m\u00e1s conocido, cuenta con un acabado brilloso y suele ser el de menor precio. Para su fabricaci\u00f3n se utilizan componentes basados en cera. Suelen ser el tipo de ribbon m\u00e1s populares para las impresoras de transferencia t\u00e9rmica.<\/p>\n","protected":false},"featured_media":658,"template":"","meta":{"_joinchat":[]},"product_brand":[],"product_cat":[31],"product_tag":[],"class_list":{"0":"post-656","1":"product","2":"type-product","3":"status-publish","4":"has-post-thumbnail","6":"product_cat-ribbon","8":"first","9":"instock","10":"sale","11":"shipping-taxable","12":"purchasable","13":"product-type-simple"},"_links":{"self":[{"href":"https:\/\/garinetiquetas.com\/tienda\/wp-json\/wp\/v2\/product\/656","targetHints":{"allow":["GET"]}}],"collection":[{"href":"https:\/\/garinetiquetas.com\/tienda\/wp-json\/wp\/v2\/product"}],"about":[{"href":"https:\/\/garinetiquetas.com\/tienda\/wp-json\/wp\/v2\/types\/product"}],"wp:featuredmedia":[{"embeddable":true,"href":"https:\/\/garinetiquetas.com\/tienda\/wp-json\/wp\/v2\/media\/658"}],"wp:attachment":[{"href":"https:\/\/garinetiquetas.com\/tienda\/wp-json\/wp\/v2\/media?parent=656"}],"wp:term":[{"taxonomy":"product_brand","embeddable":true,"href":"https:\/\/garinetiquetas.com\/tienda\/wp-json\/wp\/v2\/product_brand?post=656"},{"taxonomy":"product_cat","embeddable":true,"href":"https:\/\/garinetiquetas.com\/tienda\/wp-json\/wp\/v2\/product_cat?post=656"},{"taxonomy":"product_tag","embeddable":true,"href":"https:\/\/garinetiquetas.com\/tienda\/wp-json\/wp\/v2\/product_tag?post=656"}],"curies":[{"name":"wp","href":"https:\/\/api.w.org\/{rel}","templated":true}]}}