{"id":676,"date":"2024-10-30T19:32:28","date_gmt":"2024-10-30T19:32:28","guid":{"rendered":"https:\/\/mediumaquamarine-lapwing-345607.hostingersite.com\/tienda\/?post_type=product&#038;p=676"},"modified":"2024-11-12T04:22:26","modified_gmt":"2024-11-12T04:22:26","slug":"pack-6-ribbon-cera-110mm-x-450mts-outside-garin","status":"publish","type":"product","link":"https:\/\/garinetiquetas.com\/tienda\/product\/pack-6-ribbon-cera-110mm-x-450mts-outside-garin\/","title":{"rendered":"Pack 6 Ribbon Cera 110mm X 450mts Outside Garin"},"content":{"rendered":"<p>GARIN ETIQUETAS<br \/>\nEmpresa mexicana, especializada en la fabricaci\u00f3n de etiquetas autoadheribles, blancas e impresas, adem\u00e1s de ribbon cera, resina y cera\/resina.<br \/>\nOfrece servicio t\u00e9cnico a impresoras de etiquetas de c\u00f3digo de barras.<\/p>\n<p>***************************************************<\/p>\n<p>PACK X 6 RIBBON CERA 110 MM X 450 MTS OUTSIDE<\/p>\n","protected":false},"excerpt":{"rendered":"<p>Este tipo de ribbon es el m\u00e1s conocido, cuenta con un acabado brilloso y suele ser el de menor precio. Para su fabricaci\u00f3n se utilizan componentes basados en cera. Suelen ser el tipo de ribbon m\u00e1s populares para las impresoras de transferencia t\u00e9rmica.<\/p>\n","protected":false},"featured_media":678,"template":"","meta":{"_joinchat":[]},"product_brand":[],"product_cat":[31],"product_tag":[],"class_list":{"0":"post-676","1":"product","2":"type-product","3":"status-publish","4":"has-post-thumbnail","6":"product_cat-ribbon","8":"first","9":"instock","10":"sale","11":"shipping-taxable","12":"purchasable","13":"product-type-simple"},"_links":{"self":[{"href":"https:\/\/garinetiquetas.com\/tienda\/wp-json\/wp\/v2\/product\/676","targetHints":{"allow":["GET"]}}],"collection":[{"href":"https:\/\/garinetiquetas.com\/tienda\/wp-json\/wp\/v2\/product"}],"about":[{"href":"https:\/\/garinetiquetas.com\/tienda\/wp-json\/wp\/v2\/types\/product"}],"wp:featuredmedia":[{"embeddable":true,"href":"https:\/\/garinetiquetas.com\/tienda\/wp-json\/wp\/v2\/media\/678"}],"wp:attachment":[{"href":"https:\/\/garinetiquetas.com\/tienda\/wp-json\/wp\/v2\/media?parent=676"}],"wp:term":[{"taxonomy":"product_brand","embeddable":true,"href":"https:\/\/garinetiquetas.com\/tienda\/wp-json\/wp\/v2\/product_brand?post=676"},{"taxonomy":"product_cat","embeddable":true,"href":"https:\/\/garinetiquetas.com\/tienda\/wp-json\/wp\/v2\/product_cat?post=676"},{"taxonomy":"product_tag","embeddable":true,"href":"https:\/\/garinetiquetas.com\/tienda\/wp-json\/wp\/v2\/product_tag?post=676"}],"curies":[{"name":"wp","href":"https:\/\/api.w.org\/{rel}","templated":true}]}}