{"id":743,"date":"2025-01-17T16:08:31","date_gmt":"2025-01-17T16:08:31","guid":{"rendered":"https:\/\/mediumaquamarine-lapwing-345607.hostingersite.com\/tienda\/?post_type=product&#038;p=743"},"modified":"2025-01-18T15:57:02","modified_gmt":"2025-01-18T15:57:02","slug":"kit-de-limpieza-gariclean","status":"publish","type":"product","link":"https:\/\/garinetiquetas.com\/tienda\/product\/kit-de-limpieza-gariclean\/","title":{"rendered":"Kit De Limpieza Gariclean"},"content":{"rendered":"<p>GARIN ETIQUETAS te ofrece el nuevo El KIT DE LIMPIEZA GARICLEAN para el mantenimiento de tus equipos. Con cinco elementos esenciales, est\u00e1 dise\u00f1ado para facilitar la eliminaci\u00f3n de etiquetas y adhesivos, asi como la limpieza de superficies.<\/p>\n<p>Incluye:<\/p>\n<ul>\n<li>Removedor de etiquetas (1 Lt)<\/li>\n<li>Aire comprimido (1 Pza)<\/li>\n<li>Alcohol isoprop\u00edlico (1 Lt)<\/li>\n<li>Espatula cu\u00f1a (1 Pza)<\/li>\n<li>Pa\u00f1o para limpiar (6 Pzas)<\/li>\n<li>Garantizando una experiencia de limpieza completa y eficiente.<\/li>\n<\/ul>\n","protected":false},"excerpt":{"rendered":"<p>Ideal para quienes valoran la calidad y la eficiencia en sus productos de limpieza, este kit se convertir\u00e1 en un aliado indispensable en su hogar o lugar de trabajo.<\/p>\n","protected":false},"featured_media":749,"template":"","meta":{"_joinchat":[]},"product_brand":[],"product_cat":[43],"product_tag":[],"class_list":{"0":"post-743","1":"product","2":"type-product","3":"status-publish","4":"has-post-thumbnail","6":"product_cat-kit","8":"first","9":"instock","10":"sale","11":"shipping-taxable","12":"purchasable","13":"product-type-simple"},"_links":{"self":[{"href":"https:\/\/garinetiquetas.com\/tienda\/wp-json\/wp\/v2\/product\/743","targetHints":{"allow":["GET"]}}],"collection":[{"href":"https:\/\/garinetiquetas.com\/tienda\/wp-json\/wp\/v2\/product"}],"about":[{"href":"https:\/\/garinetiquetas.com\/tienda\/wp-json\/wp\/v2\/types\/product"}],"wp:featuredmedia":[{"embeddable":true,"href":"https:\/\/garinetiquetas.com\/tienda\/wp-json\/wp\/v2\/media\/749"}],"wp:attachment":[{"href":"https:\/\/garinetiquetas.com\/tienda\/wp-json\/wp\/v2\/media?parent=743"}],"wp:term":[{"taxonomy":"product_brand","embeddable":true,"href":"https:\/\/garinetiquetas.com\/tienda\/wp-json\/wp\/v2\/product_brand?post=743"},{"taxonomy":"product_cat","embeddable":true,"href":"https:\/\/garinetiquetas.com\/tienda\/wp-json\/wp\/v2\/product_cat?post=743"},{"taxonomy":"product_tag","embeddable":true,"href":"https:\/\/garinetiquetas.com\/tienda\/wp-json\/wp\/v2\/product_tag?post=743"}],"curies":[{"name":"wp","href":"https:\/\/api.w.org\/{rel}","templated":true}]}}